{"id":41385,"date":"2026-03-13T12:14:47","date_gmt":"2026-03-13T10:14:47","guid":{"rendered":"https:\/\/irb.usi.ch\/?page_id=41385"},"modified":"2026-03-13T12:37:38","modified_gmt":"2026-03-13T10:37:38","slug":"sostienici","status":"publish","type":"page","link":"https:\/\/irb.usi.ch\/it\/sostienici\/","title":{"rendered":"Sostienici"},"content":{"rendered":"\t\t<div data-elementor-type=\"wp-post\" data-elementor-id=\"41385\" class=\"elementor elementor-41385 elementor-41384\" data-elementor-settings=\"[]\">\n\t\t\t\t\t\t<div class=\"elementor-inner\">\n\t\t\t\t\t\t\t<div class=\"elementor-section-wrap\">\n\t\t\t\t\t\t\t<section class=\"has_ae_slider elementor-section elementor-top-section elementor-element elementor-element-9828476 elementor-section-boxed elementor-section-height-default elementor-section-height-default ae-bg-gallery-type-default\" data-id=\"9828476\" data-element_type=\"section\">\n\t\t\t\t\t\t<div class=\"elementor-container elementor-column-gap-default\">\n\t\t\t\t\t\t\t<div class=\"elementor-row\">\n\t\t\t\t\t<div class=\"has_ae_slider elementor-column elementor-col-100 elementor-top-column elementor-element elementor-element-9e80212 ae-bg-gallery-type-default\" data-id=\"9e80212\" data-element_type=\"column\" data-settings=\"{&quot;background_background&quot;:&quot;classic&quot;}\">\n\t\t\t<div class=\"elementor-column-wrap elementor-element-populated\">\n\t\t\t\t\t\t\t<div class=\"elementor-widget-wrap\">\n\t\t\t\t\t\t<div class=\"elementor-element elementor-element-7d0272f elementor-widget-divider--view-line elementor-widget elementor-widget-divider\" data-id=\"7d0272f\" data-element_type=\"widget\" data-widget_type=\"divider.default\">\n\t\t\t\t<div class=\"elementor-widget-container\">\n\t\t\t\t\t<div class=\"elementor-divider\">\n\t\t\t<span class=\"elementor-divider-separator\">\n\t\t\t\t\t\t<\/span>\n\t\t<\/div>\n\t\t\t\t<\/div>\n\t\t\t\t<\/div>\n\t\t\t\t<div class=\"elementor-element elementor-element-f3a2842 elementor-widget elementor-widget-heading\" data-id=\"f3a2842\" data-element_type=\"widget\" data-widget_type=\"heading.default\">\n\t\t\t\t<div class=\"elementor-widget-container\">\n\t\t\t<p class=\"elementor-heading-title elementor-size-default\">Sostienici<\/p>\t\t<\/div>\n\t\t\t\t<\/div>\n\t\t\t\t\t\t<\/div>\n\t\t\t\t\t<\/div>\n\t\t<\/div>\n\t\t\t\t\t\t\t\t<\/div>\n\t\t\t\t\t<\/div>\n\t\t<\/section>\n\t\t\t\t<section class=\"has_ae_slider elementor-section elementor-top-section elementor-element elementor-element-7653fb8 elementor-section-boxed elementor-section-height-default elementor-section-height-default ae-bg-gallery-type-default\" data-id=\"7653fb8\" data-element_type=\"section\">\n\t\t\t\t\t\t<div class=\"elementor-container elementor-column-gap-default\">\n\t\t\t\t\t\t\t<div class=\"elementor-row\">\n\t\t\t\t\t<div class=\"has_ae_slider elementor-column elementor-col-100 elementor-top-column elementor-element elementor-element-e22ee40 ae-bg-gallery-type-default\" data-id=\"e22ee40\" data-element_type=\"column\" data-settings=\"{&quot;background_background&quot;:&quot;classic&quot;}\">\n\t\t\t<div class=\"elementor-column-wrap elementor-element-populated\">\n\t\t\t\t\t\t\t<div class=\"elementor-widget-wrap\">\n\t\t\t\t\t\t<div class=\"elementor-element elementor-element-34732ea elementor-widget-divider--view-line elementor-widget elementor-widget-divider\" data-id=\"34732ea\" data-element_type=\"widget\" data-widget_type=\"divider.default\">\n\t\t\t\t<div class=\"elementor-widget-container\">\n\t\t\t\t\t<div class=\"elementor-divider\">\n\t\t\t<span class=\"elementor-divider-separator\">\n\t\t\t\t\t\t<\/span>\n\t\t<\/div>\n\t\t\t\t<\/div>\n\t\t\t\t<\/div>\n\t\t\t\t<div class=\"elementor-element elementor-element-f7c3d2c elementor-widget elementor-widget-text-editor\" data-id=\"f7c3d2c\" data-element_type=\"widget\" data-widget_type=\"text-editor.default\">\n\t\t\t\t<div class=\"elementor-widget-container\">\n\t\t\t\t\t<div class=\"elementor-text-editor elementor-clearfix\"><p class=\"p1\">L\u2019IRB riceve un sostegno fondamentale da parte di individui, famiglie, istituzioni e fondazioni che condividono la nostra missione di promuoverela ricerca nel campo della biomedicina. Siamo particolarmente grati alla Fondazione Helmut Horten, alla Fondazione Leonardo, alla Fondazione Gustav &amp; Ruth Jacob, alla Fondazione Henry Krenter, alla Fondazione Comel, alla Fondazione Ceschina e a tutti i nostri generosi donatori.<\/p><p class=\"p1\">Le iniziative filantropiche sono essenziali per far progredire le attivit\u00e0 di ricerca e di insegnamento, acquisire nuove tecnologie, sostenere iniziative strategiche e offrire borse di studio competitive a studenti di talento.<\/p><p class=\"p1\">Filantropi e donatori possono sostenerci in diversi modi:<\/p><ul><li class=\"p1\"><span style=\"text-decoration: underline;\">Ricercatori a inizio carriera<\/span><br \/>L\u2019IRB intende coinvolgere i benefattori nella creazione di un programma di dottorato, attraverso il quale i donatori possano sostenere direttamente studenti di dottorato selezionati, e aiutarli a diventare gli scienziati di domani. Sar\u00e0 uno dei pochi programmi di dottorato di questo tipo in Svizzera. Ad oggi, gli studenti di dottorato sono finanziati esclusivamente tramite i grant di ricerca ottenuti dai Group Leader. <a href=\"https:\/\/irb.usi.ch\/it\/formazione\/\" target=\"_blank\" rel=\"noopener\"><span style=\"text-decoration: underline;\">IRB International PhD program<\/span><\/a><i><\/i><\/li><li class=\"p1\"><span style=\"text-decoration: underline;\">Tecnologie avanzate<\/span><br \/>All\u2019IRB, numerose attrezzature all\u2019avanguardia dovranno essere sostituite o aggiornate nel prossimo futuro. Questi strumenti sono essenziali e richiedono, oltre all\u2019investimento iniziale, una manutenzione annuale e il costante supporto di tecnici altamente specializzati. Tra questi vi sono microscopi che consentono la visualizzazione di cellule e tessuti, lo spettrometro di massa che analizza il metabolismo cellulare e strumenti che permettono di studiare le interazioni tra molecole, come quelle tra anticorpi e antigeni. Sostenere le <i>Core facilities<\/i> significa contribuire al mantenimento dell\u2019eccellenza della ricerca all\u2019IRB. <a href=\"https:\/\/irb.usi.ch\/it\/servizi-irb\/\" target=\"_blank\" rel=\"noopener\"><span style=\"text-decoration: underline;\">Core facilities<\/span><\/a><\/li><li class=\"p1\"><span style=\"text-decoration: underline;\">Progetti di ricerca o partnership strategiche<\/span><br \/>Le collaborazioni tra l\u2019immunologia e altri ambiti di ricerca favoriscono lo sviluppo di terapie innovative che difficilmente potrebbero essere realizzate da un singolo partner. Queste partnership strategiche delineano un percorso che va da idee esplorative ad alto rischio a progetti collaborativi a lungo termine e ad alto impatto, includendo, ad esempio, la co-supervisione di studenti di dottorato. Le donazioni in quest\u2019area possono essere destinate sia a specifici progetti di ricerca sia a programmi estesi nel tempo, creando un rapporto diretto e duraturo tra donatori e ricercatori. <a href=\"https:\/\/irb.usi.ch\/it\/partnership-for-research-on-infectious-diseases-2\/\" target=\"_blank\" rel=\"noopener\"><span style=\"text-decoration: underline;\">Partnership with RU<\/span><\/a><i><\/i><\/li><li class=\"p1\"><span style=\"text-decoration: underline;\">Contribuire alla costruzione della IRB Guesthouse<\/span><br \/>L\u2019IRB ha commissionato la costruzione di un edificio, alimentato da energia rinnovabile, destinato ad accogliere giovani ricercatori all\u2019inizio della loro tesi di Master o del percorso di dottorato. Grazie alla Guesthouse sar\u00e0 possibile ospitare fino a 22 ricercatori. Questo progetto aumenta l\u2019attrattivit\u00e0 dell\u2019istituto e del Ticino per i talenti internazionali e ne facilita l\u2019integrazione. Sostenere la costruzione di questo edificio significa contribuire alla formazione dei ricercatori di domani.<\/li><\/ul><p class=\"p1\">La scienza all\u2019IRB pu\u00f2 essere sostenuta anche in molti altri modi, tra cui:<\/p><ul class=\"ul1\"><li class=\"li1\">Donazioni dedicate a una specifica malattia o area di ricerca (ad esempio malattie infettive, autoimmunit\u00e0, riparazione del DNA, cancro, malattie rare, biologia cellulare e strutturale, biologia computazionale e data science, COVID-19);<\/li><li class=\"li1\">Sponsorizzazione di studenti di Master e borsisti pre-dottorali;<\/li><li class=\"li1\">Una donazione all\u2019Istituto in onore o in memoria di una persona cara;<\/li><li class=\"li1\">Contributi allo sviluppo strategico dell\u2019Istituto;<\/li><li class=\"li1\">Contributi ricorrenti, come investimento duraturo in una promettente ricerca biomedica.<\/li><\/ul><p class=\"p1\">Questi sono solo alcuni esempi di come sia possibile contribuire al successo dell\u2019IRB. Per maggiori informazioni su come sostenere l\u2019IRB, \u00e8 possibile contattare la Head of Development, <a href=\"https:\/\/irb.usi.ch\/it\/irb-people\/letiembre-maryse\/?id=8918\" target=\"_blank\" rel=\"noopener\"><span style=\"text-decoration: underline;\">Maryse Letiembre<\/span><\/a> (maryse.letiembre@irb.usi.ch).<\/p><p class=\"p1\">La Fondazione per l\u2019Istituto di Ricerca in Biomedicina beneficia dell\u2019esenzione dal pagamento delle imposte ordinarie e di quelle di successione e donazione, come stabilito dall\u2019autorit\u00e0 fiscale.<\/p><p class=\"p1\">Per donazioni immediate, il conto bancario della Fondazione IRB \u00e8 il seguente:<\/p><p class=\"p1\"><b>Fondazione Istituto di Ricerca in Biomedicina<\/b><\/p><p class=\"p1\">IBAN CH80 0076 4187 1924 C001 C<br \/>Banca Stato Bellinzona (Clearing: 764; CCP: 65-433-5)<\/p><p class=\"p1\">L\u2019IRB e i suoi ricercatori sono grati per il vostro sostegno.<\/p><p>\u00a0<\/p><p><span style=\"text-decoration: underline;\"><a href=\"https:\/\/irb.usi.ch\/unterstutzen-sie-uns\" target=\"_blank\" rel=\"noopener\"><strong>Tedesco<\/strong><\/a><\/span><\/p><p><span style=\"text-decoration: underline;\"><a href=\"https:\/\/irb.usi.ch\/soutenez-nous\/\" target=\"_blank\" rel=\"noopener\"><strong>Francese<\/strong><\/a><\/span><\/p><p><span style=\"text-decoration: underline;\"><a href=\"https:\/\/irb.usi.ch\/support\/\" target=\"_blank\" rel=\"noopener\"><strong>Inglese<\/strong><\/a><\/span><\/p><\/div>\n\t\t\t\t<\/div>\n\t\t\t\t<\/div>\n\t\t\t\t<div class=\"elementor-element elementor-element-dd09cb9 elementor-widget elementor-widget-spacer\" data-id=\"dd09cb9\" data-element_type=\"widget\" data-widget_type=\"spacer.default\">\n\t\t\t\t<div class=\"elementor-widget-container\">\n\t\t\t\t\t<div class=\"elementor-spacer\">\n\t\t\t<div class=\"elementor-spacer-inner\"><\/div>\n\t\t<\/div>\n\t\t\t\t<\/div>\n\t\t\t\t<\/div>\n\t\t\t\t\t\t<\/div>\n\t\t\t\t\t<\/div>\n\t\t<\/div>\n\t\t\t\t\t\t\t\t<\/div>\n\t\t\t\t\t<\/div>\n\t\t<\/section>\n\t\t\t\t<section class=\"has_ae_slider elementor-section elementor-top-section elementor-element elementor-element-d7e14f4 elementor-section-boxed elementor-section-height-default elementor-section-height-default ae-bg-gallery-type-default\" data-id=\"d7e14f4\" data-element_type=\"section\">\n\t\t\t\t\t\t<div class=\"elementor-container elementor-column-gap-default\">\n\t\t\t\t\t\t\t<div class=\"elementor-row\">\n\t\t\t\t\t<div class=\"has_ae_slider elementor-column elementor-col-100 elementor-top-column elementor-element elementor-element-7240f49 ae-bg-gallery-type-default\" data-id=\"7240f49\" data-element_type=\"column\" data-settings=\"{&quot;background_background&quot;:&quot;classic&quot;}\">\n\t\t\t<div class=\"elementor-column-wrap elementor-element-populated\">\n\t\t\t\t\t\t\t<div class=\"elementor-widget-wrap\">\n\t\t\t\t\t\t<div class=\"elementor-element elementor-element-2d0dad1 elementor-widget-divider--view-line elementor-widget elementor-widget-divider\" data-id=\"2d0dad1\" data-element_type=\"widget\" data-widget_type=\"divider.default\">\n\t\t\t\t<div class=\"elementor-widget-container\">\n\t\t\t\t\t<div class=\"elementor-divider\">\n\t\t\t<span class=\"elementor-divider-separator\">\n\t\t\t\t\t\t<\/span>\n\t\t<\/div>\n\t\t\t\t<\/div>\n\t\t\t\t<\/div>\n\t\t\t\t<div class=\"elementor-element elementor-element-07e8f8b elementor-hidden-desktop elementor-hidden-tablet elementor-hidden-phone elementor-widget elementor-widget-heading\" data-id=\"07e8f8b\" data-element_type=\"widget\" data-widget_type=\"heading.default\">\n\t\t\t\t<div class=\"elementor-widget-container\">\n\t\t\t<h2 class=\"elementor-heading-title elementor-size-default\">Helmut Horten Foundation<\/h2>\t\t<\/div>\n\t\t\t\t<\/div>\n\t\t\t\t<div class=\"elementor-element elementor-element-ec62218 elementor-widget-divider--view-line elementor-widget elementor-widget-divider\" data-id=\"ec62218\" data-element_type=\"widget\" data-widget_type=\"divider.default\">\n\t\t\t\t<div class=\"elementor-widget-container\">\n\t\t\t\t\t<div class=\"elementor-divider\">\n\t\t\t<span class=\"elementor-divider-separator\">\n\t\t\t\t\t\t<\/span>\n\t\t<\/div>\n\t\t\t\t<\/div>\n\t\t\t\t<\/div>\n\t\t\t\t\t\t<\/div>\n\t\t\t\t\t<\/div>\n\t\t<\/div>\n\t\t\t\t\t\t\t\t<\/div>\n\t\t\t\t\t<\/div>\n\t\t<\/section>\n\t\t\t\t<section class=\"has_ae_slider elementor-section elementor-top-section elementor-element elementor-element-b94accc elementor-section-boxed elementor-section-height-default elementor-section-height-default ae-bg-gallery-type-default\" data-id=\"b94accc\" data-element_type=\"section\">\n\t\t\t\t\t\t<div class=\"elementor-container elementor-column-gap-default\">\n\t\t\t\t\t\t\t<div class=\"elementor-row\">\n\t\t\t\t\t<div class=\"has_ae_slider elementor-column elementor-col-50 elementor-top-column elementor-element elementor-element-66dbb55 ae-bg-gallery-type-default\" data-id=\"66dbb55\" data-element_type=\"column\" data-settings=\"{&quot;background_background&quot;:&quot;classic&quot;}\">\n\t\t\t<div class=\"elementor-column-wrap elementor-element-populated\">\n\t\t\t\t\t\t\t<div class=\"elementor-widget-wrap\">\n\t\t\t\t\t\t<div class=\"elementor-element elementor-element-3c039bc elementor-hidden-desktop elementor-hidden-tablet elementor-hidden-phone elementor-widget elementor-widget-text-editor\" data-id=\"3c039bc\" data-element_type=\"widget\" data-widget_type=\"text-editor.default\">\n\t\t\t\t<div class=\"elementor-widget-container\">\n\t\t\t\t\t<div class=\"elementor-text-editor elementor-clearfix\"><p class=\"p1\">La Fondazione Helmut Horten sostiene da 48 anni il sistema sanitario in Svizzera, in particolare attraverso donazioni a centri di ricerca medica. Nel campo della ricerca medica fondamentale, la Fondazione promuove anche il lavoro accademico degli studenti negli istituti di ricerca svizzeri. La Fondazione \u00e8 stata creata nel 1971 da Helmut Horten. In seguito alla sua morte, sua moglie la contessa Heidi Go\u00ebss-Horten ha assunto la responsabilit\u00e0 della Fondazione.<\/p><p class=\"p1\"><a href=\"https:\/\/www.helmut-horten-stiftung.org\/en\/\" target=\"_blank\" rel=\"noopener\"><span style=\"text-decoration: underline;\">Clicca qui per maggiori informazioni<\/span><\/a><\/p><\/div>\n\t\t\t\t<\/div>\n\t\t\t\t<\/div>\n\t\t\t\t<div class=\"elementor-element elementor-element-96ae159 elementor-widget elementor-widget-spacer\" data-id=\"96ae159\" data-element_type=\"widget\" data-widget_type=\"spacer.default\">\n\t\t\t\t<div class=\"elementor-widget-container\">\n\t\t\t\t\t<div class=\"elementor-spacer\">\n\t\t\t<div class=\"elementor-spacer-inner\"><\/div>\n\t\t<\/div>\n\t\t\t\t<\/div>\n\t\t\t\t<\/div>\n\t\t\t\t\t\t<\/div>\n\t\t\t\t\t<\/div>\n\t\t<\/div>\n\t\t\t\t<div class=\"has_ae_slider elementor-column elementor-col-50 elementor-top-column elementor-element elementor-element-f32068c ae-bg-gallery-type-default\" data-id=\"f32068c\" data-element_type=\"column\">\n\t\t\t<div class=\"elementor-column-wrap elementor-element-populated\">\n\t\t\t\t\t\t\t<div class=\"elementor-widget-wrap\">\n\t\t\t\t\t\t<div class=\"elementor-element elementor-element-feb8901 elementor-hidden-desktop elementor-hidden-tablet elementor-hidden-phone elementor-widget elementor-widget-image\" data-id=\"feb8901\" data-element_type=\"widget\" data-widget_type=\"image.default\">\n\t\t\t\t<div class=\"elementor-widget-container\">\n\t\t\t\t\t<div class=\"elementor-image\">\n\t\t\t\t\t\t\t\t\t\t<img width=\"800\" height=\"485\" src=\"https:\/\/irb.usi.ch\/images\/HelmutHortenFoundation.png\" class=\"attachment-large size-large\" alt=\"\" loading=\"lazy\" srcset=\"https:\/\/irb.usi.ch\/images\/HelmutHortenFoundation.png 1006w, https:\/\/irb.usi.ch\/images\/HelmutHortenFoundation-300x182.png 300w, https:\/\/irb.usi.ch\/images\/HelmutHortenFoundation-768x466.png 768w, https:\/\/irb.usi.ch\/images\/HelmutHortenFoundation-750x455.png 750w\" sizes=\"(max-width: 800px) 100vw, 800px\" \/>\t\t\t\t\t\t\t\t\t\t\t<\/div>\n\t\t\t\t<\/div>\n\t\t\t\t<\/div>\n\t\t\t\t<div class=\"elementor-element elementor-element-d96213a elementor-widget elementor-widget-spacer\" data-id=\"d96213a\" data-element_type=\"widget\" data-widget_type=\"spacer.default\">\n\t\t\t\t<div class=\"elementor-widget-container\">\n\t\t\t\t\t<div class=\"elementor-spacer\">\n\t\t\t<div class=\"elementor-spacer-inner\"><\/div>\n\t\t<\/div>\n\t\t\t\t<\/div>\n\t\t\t\t<\/div>\n\t\t\t\t\t\t<\/div>\n\t\t\t\t\t<\/div>\n\t\t<\/div>\n\t\t\t\t\t\t\t\t<\/div>\n\t\t\t\t\t<\/div>\n\t\t<\/section>\n\t\t\t\t<section class=\"has_ae_slider elementor-section elementor-top-section elementor-element elementor-element-136f401 elementor-section-boxed elementor-section-height-default elementor-section-height-default ae-bg-gallery-type-default\" data-id=\"136f401\" data-element_type=\"section\">\n\t\t\t\t\t\t<div class=\"elementor-container elementor-column-gap-default\">\n\t\t\t\t\t\t\t<div class=\"elementor-row\">\n\t\t\t\t\t<div class=\"has_ae_slider elementor-column elementor-col-100 elementor-top-column elementor-element elementor-element-b35333a ae-bg-gallery-type-default\" data-id=\"b35333a\" data-element_type=\"column\" data-settings=\"{&quot;background_background&quot;:&quot;classic&quot;}\">\n\t\t\t<div class=\"elementor-column-wrap elementor-element-populated\">\n\t\t\t\t\t\t\t<div class=\"elementor-widget-wrap\">\n\t\t\t\t\t\t<div class=\"elementor-element elementor-element-fc7b04b elementor-widget-divider--view-line elementor-widget elementor-widget-divider\" data-id=\"fc7b04b\" data-element_type=\"widget\" data-widget_type=\"divider.default\">\n\t\t\t\t<div class=\"elementor-widget-container\">\n\t\t\t\t\t<div class=\"elementor-divider\">\n\t\t\t<span class=\"elementor-divider-separator\">\n\t\t\t\t\t\t<\/span>\n\t\t<\/div>\n\t\t\t\t<\/div>\n\t\t\t\t<\/div>\n\t\t\t\t<div class=\"elementor-element elementor-element-270a78d elementor-hidden-desktop elementor-hidden-tablet elementor-hidden-phone elementor-widget elementor-widget-heading\" data-id=\"270a78d\" data-element_type=\"widget\" data-widget_type=\"heading.default\">\n\t\t\t\t<div class=\"elementor-widget-container\">\n\t\t\t<h2 class=\"elementor-heading-title elementor-size-default\">Fondazione Gustav &amp; Ruth Jacob<\/h2>\t\t<\/div>\n\t\t\t\t<\/div>\n\t\t\t\t<div class=\"elementor-element elementor-element-22a867f elementor-widget-divider--view-line elementor-widget elementor-widget-divider\" data-id=\"22a867f\" data-element_type=\"widget\" data-widget_type=\"divider.default\">\n\t\t\t\t<div class=\"elementor-widget-container\">\n\t\t\t\t\t<div class=\"elementor-divider\">\n\t\t\t<span class=\"elementor-divider-separator\">\n\t\t\t\t\t\t<\/span>\n\t\t<\/div>\n\t\t\t\t<\/div>\n\t\t\t\t<\/div>\n\t\t\t\t\t\t<\/div>\n\t\t\t\t\t<\/div>\n\t\t<\/div>\n\t\t\t\t\t\t\t\t<\/div>\n\t\t\t\t\t<\/div>\n\t\t<\/section>\n\t\t\t\t<section class=\"has_ae_slider elementor-section elementor-top-section elementor-element elementor-element-66dd70f elementor-section-boxed elementor-section-height-default elementor-section-height-default ae-bg-gallery-type-default\" data-id=\"66dd70f\" data-element_type=\"section\">\n\t\t\t\t\t\t<div class=\"elementor-container elementor-column-gap-default\">\n\t\t\t\t\t\t\t<div class=\"elementor-row\">\n\t\t\t\t\t<div class=\"has_ae_slider elementor-column elementor-col-50 elementor-top-column elementor-element elementor-element-9e51ddd ae-bg-gallery-type-default\" data-id=\"9e51ddd\" data-element_type=\"column\" data-settings=\"{&quot;background_background&quot;:&quot;classic&quot;}\">\n\t\t\t<div class=\"elementor-column-wrap elementor-element-populated\">\n\t\t\t\t\t\t\t<div class=\"elementor-widget-wrap\">\n\t\t\t\t\t\t<div class=\"elementor-element elementor-element-83e576f elementor-hidden-desktop elementor-hidden-tablet elementor-hidden-phone elementor-widget elementor-widget-text-editor\" data-id=\"83e576f\" data-element_type=\"widget\" data-widget_type=\"text-editor.default\">\n\t\t\t\t<div class=\"elementor-widget-container\">\n\t\t\t\t\t<div class=\"elementor-text-editor elementor-clearfix\"><p class=\"p1\">La Fondazione Gustav &amp; Ruth Jacob \u00e8 stata fondata nel 2001 con l&#8217;obiettivo di promuovere in Svizzera e all&#8217;estero la ricerca scientifica dedicata alla lotta contro le malattie umane nonch\u00e9 la formazione di giovani ricercatori.<\/p><\/div>\n\t\t\t\t<\/div>\n\t\t\t\t<\/div>\n\t\t\t\t<div class=\"elementor-element elementor-element-c79f99b elementor-widget elementor-widget-spacer\" data-id=\"c79f99b\" data-element_type=\"widget\" data-widget_type=\"spacer.default\">\n\t\t\t\t<div class=\"elementor-widget-container\">\n\t\t\t\t\t<div class=\"elementor-spacer\">\n\t\t\t<div class=\"elementor-spacer-inner\"><\/div>\n\t\t<\/div>\n\t\t\t\t<\/div>\n\t\t\t\t<\/div>\n\t\t\t\t\t\t<\/div>\n\t\t\t\t\t<\/div>\n\t\t<\/div>\n\t\t\t\t<div class=\"has_ae_slider elementor-column elementor-col-50 elementor-top-column elementor-element elementor-element-aabeec1 ae-bg-gallery-type-default\" data-id=\"aabeec1\" data-element_type=\"column\">\n\t\t\t<div class=\"elementor-column-wrap\">\n\t\t\t\t\t\t\t<div class=\"elementor-widget-wrap\">\n\t\t\t\t\t\t\t\t<\/div>\n\t\t\t\t\t<\/div>\n\t\t<\/div>\n\t\t\t\t\t\t\t\t<\/div>\n\t\t\t\t\t<\/div>\n\t\t<\/section>\n\t\t\t\t\t\t<\/div>\n\t\t\t\t\t\t<\/div>\n\t\t\t\t\t<\/div>\n\t\t","protected":false},"excerpt":{"rendered":"<p>Sostienici L\u2019IRB riceve un sostegno fondamentale da parte di individui, famiglie, istituzioni e fondazioni che condividono la nostra missione di promuoverela ricerca nel campo della biomedicina. Siamo particolarmente grati alla Fondazione Helmut Horten, alla Fondazione Leonardo, alla Fondazione Gustav &amp; Ruth Jacob, alla Fondazione Henry Krenter, alla Fondazione Comel, alla Fondazione Ceschina e a tutti [&hellip;]<\/p>\n","protected":false},"author":141,"featured_media":0,"parent":0,"menu_order":0,"comment_status":"closed","ping_status":"closed","template":"elementor_header_footer","meta":[],"yoast_head":"<!-- This site is optimized with the Yoast SEO plugin v15.7 - https:\/\/yoast.com\/wordpress\/plugins\/seo\/ -->\n<title>Sostienici - IRB USI<\/title>\n<meta name=\"robots\" content=\"index, follow, max-snippet:-1, max-image-preview:large, max-video-preview:-1\" \/>\n<link rel=\"canonical\" href=\"https:\/\/irb.usi.ch\/it\/sostienici\/\" \/>\n<meta property=\"og:locale\" content=\"it_IT\" \/>\n<meta property=\"og:type\" content=\"article\" \/>\n<meta property=\"og:title\" content=\"Sostienici - IRB USI\" \/>\n<meta property=\"og:description\" content=\"Sostienici L\u2019IRB riceve un sostegno fondamentale da parte di individui, famiglie, istituzioni e fondazioni che condividono la nostra missione di promuoverela ricerca nel campo della biomedicina. Siamo particolarmente grati alla Fondazione Helmut Horten, alla Fondazione Leonardo, alla Fondazione Gustav &amp; Ruth Jacob, alla Fondazione Henry Krenter, alla Fondazione Comel, alla Fondazione Ceschina e a tutti [&hellip;]\" \/>\n<meta property=\"og:url\" content=\"https:\/\/irb.usi.ch\/it\/sostienici\/\" \/>\n<meta property=\"og:site_name\" content=\"IRB USI\" \/>\n<meta property=\"article:modified_time\" content=\"2026-03-13T10:37:38+00:00\" \/>\n<meta property=\"og:image\" content=\"https:\/\/irb.usi.ch\/images\/HelmutHortenFoundation.png\" \/>\n<meta name=\"twitter:card\" content=\"summary_large_image\" \/>\n<meta name=\"twitter:label1\" content=\"Tempo di lettura stimato\">\n\t<meta name=\"twitter:data1\" content=\"4 minuti\">\n<script type=\"application\/ld+json\" class=\"yoast-schema-graph\">{\"@context\":\"https:\/\/schema.org\",\"@graph\":[{\"@type\":\"WebSite\",\"@id\":\"https:\/\/irb.usi.ch\/it\/#website\",\"url\":\"https:\/\/irb.usi.ch\/it\/\",\"name\":\"IRB USI\",\"description\":\"Institute for Research in Biomedicine\",\"potentialAction\":[{\"@type\":\"SearchAction\",\"target\":\"https:\/\/irb.usi.ch\/it\/?s={search_term_string}\",\"query-input\":\"required name=search_term_string\"}],\"inLanguage\":\"it-IT\"},{\"@type\":\"ImageObject\",\"@id\":\"https:\/\/irb.usi.ch\/it\/sostienici\/#primaryimage\",\"inLanguage\":\"it-IT\",\"url\":\"https:\/\/irb.usi.ch\/images\/HelmutHortenFoundation.png\",\"width\":1006,\"height\":610},{\"@type\":\"WebPage\",\"@id\":\"https:\/\/irb.usi.ch\/it\/sostienici\/#webpage\",\"url\":\"https:\/\/irb.usi.ch\/it\/sostienici\/\",\"name\":\"Sostienici - IRB USI\",\"isPartOf\":{\"@id\":\"https:\/\/irb.usi.ch\/it\/#website\"},\"primaryImageOfPage\":{\"@id\":\"https:\/\/irb.usi.ch\/it\/sostienici\/#primaryimage\"},\"datePublished\":\"2026-03-13T10:14:47+00:00\",\"dateModified\":\"2026-03-13T10:37:38+00:00\",\"breadcrumb\":{\"@id\":\"https:\/\/irb.usi.ch\/it\/sostienici\/#breadcrumb\"},\"inLanguage\":\"it-IT\",\"potentialAction\":[{\"@type\":\"ReadAction\",\"target\":[\"https:\/\/irb.usi.ch\/it\/sostienici\/\"]}]},{\"@type\":\"BreadcrumbList\",\"@id\":\"https:\/\/irb.usi.ch\/it\/sostienici\/#breadcrumb\",\"itemListElement\":[{\"@type\":\"ListItem\",\"position\":1,\"item\":{\"@type\":\"WebPage\",\"@id\":\"https:\/\/irb.usi.ch\/it\/\",\"url\":\"https:\/\/irb.usi.ch\/it\/\",\"name\":\"Home\"}},{\"@type\":\"ListItem\",\"position\":2,\"item\":{\"@type\":\"WebPage\",\"@id\":\"https:\/\/irb.usi.ch\/it\/sostienici\/\",\"url\":\"https:\/\/irb.usi.ch\/it\/sostienici\/\",\"name\":\"Sostienici\"}}]}]}<\/script>\n<!-- \/ Yoast SEO plugin. -->","_links":{"self":[{"href":"https:\/\/irb.usi.ch\/it\/wp-json\/wp\/v2\/pages\/41385"}],"collection":[{"href":"https:\/\/irb.usi.ch\/it\/wp-json\/wp\/v2\/pages"}],"about":[{"href":"https:\/\/irb.usi.ch\/it\/wp-json\/wp\/v2\/types\/page"}],"author":[{"embeddable":true,"href":"https:\/\/irb.usi.ch\/it\/wp-json\/wp\/v2\/users\/141"}],"replies":[{"embeddable":true,"href":"https:\/\/irb.usi.ch\/it\/wp-json\/wp\/v2\/comments?post=41385"}],"version-history":[{"count":4,"href":"https:\/\/irb.usi.ch\/it\/wp-json\/wp\/v2\/pages\/41385\/revisions"}],"predecessor-version":[{"id":41419,"href":"https:\/\/irb.usi.ch\/it\/wp-json\/wp\/v2\/pages\/41385\/revisions\/41419"}],"wp:attachment":[{"href":"https:\/\/irb.usi.ch\/it\/wp-json\/wp\/v2\/media?parent=41385"}],"curies":[{"name":"wp","href":"https:\/\/api.w.org\/{rel}","templated":true}]}}