{"id":33314,"date":"2023-08-29T15:02:17","date_gmt":"2023-08-29T13:02:17","guid":{"rendered":"https:\/\/irb.usi.ch\/?page_id=33314"},"modified":"2023-11-27T14:39:13","modified_gmt":"2023-11-27T12:39:13","slug":"normativa-privacy","status":"publish","type":"page","link":"https:\/\/irb.usi.ch\/it\/normativa-privacy\/","title":{"rendered":"Normativa Privacy"},"content":{"rendered":"\t\t<div data-elementor-type=\"wp-page\" data-elementor-id=\"33314\" class=\"elementor elementor-33314 elementor-33310\" data-elementor-settings=\"[]\">\n\t\t\t\t\t\t<div class=\"elementor-inner\">\n\t\t\t\t\t\t\t<div class=\"elementor-section-wrap\">\n\t\t\t\t\t\t\t<section class=\"has_ae_slider elementor-section elementor-top-section elementor-element elementor-element-7b8f47e elementor-section-boxed elementor-section-height-default elementor-section-height-default ae-bg-gallery-type-default\" data-id=\"7b8f47e\" data-element_type=\"section\">\n\t\t\t\t\t\t<div class=\"elementor-container elementor-column-gap-default\">\n\t\t\t\t\t\t\t<div class=\"elementor-row\">\n\t\t\t\t\t<div class=\"has_ae_slider elementor-column elementor-col-100 elementor-top-column elementor-element elementor-element-c9912eb ae-bg-gallery-type-default\" data-id=\"c9912eb\" data-element_type=\"column\" data-settings=\"{&quot;background_background&quot;:&quot;classic&quot;}\">\n\t\t\t<div class=\"elementor-column-wrap elementor-element-populated\">\n\t\t\t\t\t\t\t<div class=\"elementor-widget-wrap\">\n\t\t\t\t\t\t<div class=\"elementor-element elementor-element-b99ddc1 elementor-widget-divider--view-line elementor-widget elementor-widget-divider\" data-id=\"b99ddc1\" data-element_type=\"widget\" data-widget_type=\"divider.default\">\n\t\t\t\t<div class=\"elementor-widget-container\">\n\t\t\t\t\t<div class=\"elementor-divider\">\n\t\t\t<span class=\"elementor-divider-separator\">\n\t\t\t\t\t\t<\/span>\n\t\t<\/div>\n\t\t\t\t<\/div>\n\t\t\t\t<\/div>\n\t\t\t\t<div class=\"elementor-element elementor-element-62fa5c2 elementor-widget elementor-widget-heading\" data-id=\"62fa5c2\" data-element_type=\"widget\" data-widget_type=\"heading.default\">\n\t\t\t\t<div class=\"elementor-widget-container\">\n\t\t\t<p class=\"elementor-heading-title elementor-size-default\">Normativa Privacy<\/p>\t\t<\/div>\n\t\t\t\t<\/div>\n\t\t\t\t\t\t<\/div>\n\t\t\t\t\t<\/div>\n\t\t<\/div>\n\t\t\t\t\t\t\t\t<\/div>\n\t\t\t\t\t<\/div>\n\t\t<\/section>\n\t\t\t\t<section class=\"has_ae_slider elementor-section elementor-top-section elementor-element elementor-element-2bf8687 elementor-section-boxed elementor-section-height-default elementor-section-height-default ae-bg-gallery-type-default\" data-id=\"2bf8687\" data-element_type=\"section\">\n\t\t\t\t\t\t<div class=\"elementor-container elementor-column-gap-default\">\n\t\t\t\t\t\t\t<div class=\"elementor-row\">\n\t\t\t\t\t<div class=\"has_ae_slider elementor-column elementor-col-100 elementor-top-column elementor-element elementor-element-4b70c02 ae-bg-gallery-type-default\" data-id=\"4b70c02\" data-element_type=\"column\" data-settings=\"{&quot;background_background&quot;:&quot;classic&quot;}\">\n\t\t\t<div class=\"elementor-column-wrap elementor-element-populated\">\n\t\t\t\t\t\t\t<div class=\"elementor-widget-wrap\">\n\t\t\t\t\t\t<div class=\"elementor-element elementor-element-3bafcab elementor-widget-divider--view-line elementor-widget elementor-widget-divider\" data-id=\"3bafcab\" data-element_type=\"widget\" data-widget_type=\"divider.default\">\n\t\t\t\t<div class=\"elementor-widget-container\">\n\t\t\t\t\t<div class=\"elementor-divider\">\n\t\t\t<span class=\"elementor-divider-separator\">\n\t\t\t\t\t\t<\/span>\n\t\t<\/div>\n\t\t\t\t<\/div>\n\t\t\t\t<\/div>\n\t\t\t\t<div class=\"elementor-element elementor-element-d3c59dc elementor-widget elementor-widget-text-editor\" data-id=\"d3c59dc\" data-element_type=\"widget\" data-widget_type=\"text-editor.default\">\n\t\t\t\t<div class=\"elementor-widget-container\">\n\t\t\t\t\t<div class=\"elementor-text-editor elementor-clearfix\"><p>L\u2019Informativa sulla privacy ha lo scopo di informare l\u2019utente di questo sito web sulla natura, lo scopo e l\u2019utilizzo dei dati personali in conformit\u00e0 con il Regolamento generale sulla protezione dei dati (RGPD) dell\u2019Unione europea e la Legge federale sulla protezione dei dati (LPD) svizzera.<\/p><p>\u00a0<\/p><p><span style=\"background-color: transparent; font-size: 17.6px;\"><b>1.\u00a0<\/b><\/span><strong style=\"background-color: transparent; font-size: 17.6px;\">Titolare del trattamento dei dati personali<\/strong><\/p><p>Ai sensi del Regolamento generale sulla protezione dei dati e della Legge federale sulla protezione dei dati, il titolare del trattamento \u00e8 la persona che decide le finalit\u00e0 e le modalit\u00e0 del trattamento dei dati personali:<\/p><p><strong>Fondazione per l\u2019Istituto di <\/strong><strong>R<\/strong><strong>icerca in Biomedicina<\/strong><\/p><p>via Francesco Chiesa 5<br \/>6500 Bellinzona<br \/>Svizzera<br \/>Tel.: +41 58 666 7000<br \/>E-Mail.: <a href=\"mailto:info@irb.usi.ch\">info@irb.usi.ch<\/a><br \/>Webpage: <a href=\"http:\/\/www.irb.usi.ch\">www.irb.usi.ch<\/a><\/p><p>\u00a0<\/p><p><span style=\"background-color: transparent; font-size: 17.6px;\"><b>2.\u00a0<\/b><\/span><strong style=\"background-color: transparent; font-size: 17.6px;\">Responsabile della protezione dei dati<\/strong><\/p><p><span style=\"font-size: 1.1rem;\">La Fondazione per l\u2019Istituto di Ricerca in Biomedicina ha nominato un Responsabile della Protezione dei Dati che puo&#8217; essere contattato utilizzando l&#8217;indirizzo e-mail: <\/span><a style=\"font-size: 1.1rem; background-color: #ffffff;\" href=\"mailto:privacy@irb.usi.ch\"><b>privacy@irb.usi.ch<\/b><\/a><\/p><p>\u00a0<\/p><p><span style=\"background-color: transparent; font-size: 17.6px;\"><b>3.\u00a0<\/b><\/span><strong style=\"background-color: transparent; font-size: 17.6px;\">Dati di accesso<\/strong><\/p><p>Ogni volta che si accede al nostro sito web, il nostro sistema registra automaticamente dati e informazioni dal sistema informatics del computer che li richiama. Saranno raccolti i seguenti dati:<\/p><ul><li>Indirizzo IP del dispositivo di accesso<\/li><\/ul><div>\u00a0<\/div><p>Raccogliamo e utilizziamo queste informazioni tecniche per scopi di sicurezza (della rete), per comprendere meglio le esigenze dei nostri utenti, per migliorare continuamente il nostro sito Web e per consentire agli utenti di accedere al sito Web dai loro computer.\u00a0<span style=\"font-size: 1.1rem;\">In questo contesto non viene effettuata un\u2019analisi dei dati a scopo di marketing.\u00a0<\/span><span style=\"font-size: 1.1rem;\">In questa finalit\u00e0 rientra anche il nostro legittimo interesse al trattamento dei dati.\u00a0<\/span><span style=\"font-size: 1.1rem;\">La base giuridica per la conservazione temporanea dei dati e dei file di log \u00e8 costituita dalla legge federale sulla protezione dei dati e, ove applicabile, dal RGPD.\u00a0<\/span><span style=\"font-size: 1.1rem;\">Il sito utilizza inoltre i cookie (vedi punto 5) e dei servizi di analisi (vedi punto 6).<\/span><\/p><p><span style=\"font-size: 1.1rem;\">\u00a0<\/span><\/p><p><span style=\"background-color: transparent; font-size: 17.6px;\"><b>4.\u00a0<\/b><\/span><strong style=\"background-color: transparent; font-size: 17.6px;\">Strumenti<\/strong><\/p><p>Per gli utenti che necessitano di un login per utilizzare gli strumenti (Area Inside) sul nostro sito web, verranno memorizzati i seguenti dati al momento del login:<\/p><ul><li>Indirizzo IP del dispositivo di accesso<\/li><li>Data e ora del login<\/li><\/ul><p>I dati raccolti vengono memorizzati in file di log presso il fornitore del nostro sito web (TI-EDU &#8211; SWITCH).<\/p><p>Se il trattamento dei dati viene effettuato per adempiere ad obblighi di legge, la base giuridica \u00e8 l\u2019art. 6 cpv. 1 lett. c RGPD. Se il trattamento dei dati viene effettuato per l\u2019adempimento di un contratto, la base giuridica \u00e8 l\u2019art. 6 cpv. 1 lett. b RGPD.\u00a0<span style=\"font-size: 1.1rem;\">La conservazione in file di log avviene per assicurare la funzionalit\u00e0 dei servizi. Inoltre, i dati servono al fornitore per ottimizzare i servizi e garantire la sicurezza dei sistemi informatici. In questo contesto non viene effettuata un\u2019analisi dei dati a scopo di marketing.\u00a0<\/span><span style=\"font-size: 1.1rem;\">I dati vengono cancellati appena non sono pi\u00f9 necessari allo scopo per cui sono stati raccolti. In caso di raccolta dei dati per la messa a disposizione del sito web, ci\u00f2 avviene al termine della rispettiva sessione. In caso di memorizzazione in file di log, i dati vengono cancellati al pi\u00f9 tardi entro 6 mesi.\u00a0<\/span><span style=\"font-size: 1.1rem;\">I dati raccolti vengono cancellati dalla memoria di lavoro 15 minuti dopo il logout e dai file di log dopo 10 giorni.<\/span><\/p><p><span style=\"font-size: 1.1rem;\">\u00a0<\/span><\/p><p><span style=\"background-color: transparent; font-size: 17.6px;\"><b>5.\u00a0<\/b><\/span><strong style=\"background-color: transparent; font-size: 17.6px;\">Cookies<\/strong><\/p><p>Il nostro sito web utilizza i cookie. I cookie sono piccoli file di testo che il browser crea automaticamente e che vengono memorizzati sul vostro dispositivo d\u2019accesso (laptop, tablet, smartphone, ecc.) quando visitate il nostro sito web. I cookie non contengono virus, trojan o altri malware e non danneggeranno il vostro dispositivo in alcun modo.<\/p><p>\u00a0<\/p><p>L\u2019utilizzo dei cookie \u00e8 mirato al miglioramento dell\u2019esperienza dell\u2019utente sul sito. Ad esempio, mediante i cookie di sessione \u00e8 possibile riconoscere un precedente accesso alle singole pagine del sito web permettendo cos\u00ec di reimpostare la lingua utilizzata in precedenza. Questi dati verranno periodicamente cancellati dopo aver lasciato il nostro sito.<\/p><p>\u00a0<\/p><p>I cookie vengono utilizzati inoltre per raccogliere dati statistici riguardanti l\u2019utilizzo del nostro sito web, in modo da poterlo valutare al fine di ottimizzare l\u2019esperienza dell\u2019utente (vedi punto 6). Quando rivisitate il nostro sito i cookie ci permettono di riconoscere un eventuale accesso precedente da parte dello stesso dispositivo.<\/p><p>\u00a0<\/p><p>La maggior parte dei browser accetta automaticamente i cookie. Tuttavia, \u00e8 possibile configurare il browser in modo che non vengano memorizzati cookie sul computer o che venga sempre visualizzato un messaggio prima della creazione di nuovi cookie. La completa disattivazione dei cookie pu\u00f2 tuttavia comportare una limitazione delle funzionalit\u00e0 del nostro sito web.<\/p><p>\u00a0<\/p><p>\u00a0<\/p><p><span style=\"background-color: transparent; font-size: 17.6px;\"><b>6.\u00a0<\/b><\/span><strong style=\"background-color: transparent; font-size: 17.6px;\">Google Analytics<\/strong><\/p><p>Il nostro sito web utilizza Google Analytics, un servizio di analisi web fornito da Google Ireland Limited, una societ\u00e0 costituita e gestita secondo le leggi irlandesi (numero di registrazione: 368047) con sede legale a Gordon House, Barrow Street, Dublino 4, Irlanda (di seguito \u201cGoogle\u201d).<\/p><p>Anche Google Analytics utilizza i cookie. Le informazioni generate dai cookie sull\u2019utilizzo di questo sito web vengono generalmente trasmesse e depositate presso i server di Google negli Stati Uniti.<\/p><p>Tuttavia, se l\u2019utilizzo di un IP anonimo \u00e8 abilitato su questo sito, Google troncher\u00e0 il vostro indirizzo IP all\u2019interno degli Stati membri dell\u2019Unione Europea o di altri Stati firmatari dell\u2019accordo sullo Spazio Economico Europeo e quindi prima della trasmissione. Solo in casi eccezionali l\u2019indirizzo IP completo sar\u00e0 trasmesso da Google su un server negli Stati Uniti, dove sar\u00e0 troncato.<\/p><p>L\u2019indirizzo IP trasmesso dal vostro browser a Google Analytics non viene combinato con altri dati di Google. Google utilizzer\u00e0 queste informazioni per valutare il vostro utilizzo del sito web, per compilare report sulle attivit\u00e0 del sito e per fornire altri servizi relativi alle attivit\u00e0 del sito web e all\u2019utilizzo di Internet al gestore del sito.<\/p><p>Ulteriori informazioni sulle condizioni di utilizzo e sulla protezione dei dati sono disponibili ai seguenti indirizzi web:<\/p><p><a href=\"https:\/\/marketingplatform.google.com\/about\/analytics\/terms\/it\/\"><b>https:\/\/marketingplatform.google.com\/about\/analytics\/terms\/it\/<\/b><\/a><\/p><p><a href=\"https:\/\/policies.google.com\/?hl=it\"><b>https:\/\/policies.google.com\/?hl=it<\/b><\/a><\/p><p>\u00a0<\/p><p>\u00a0<\/p><p><span style=\"background-color: transparent; font-size: 17.6px;\"><b>7.\u00a0<\/b><\/span><strong style=\"background-color: transparent; font-size: 17.6px;\">Durata della conservazione dei dati personali<\/strong><\/p><p>Salvo diversa indicazione specifica, i dati personali saranno conservati solo per il tempo necessario a conseguire gli scopi per i quali sono stati raccolti.<\/p><p>\u00a0<\/p><p>\u00a0<\/p><p><span style=\"background-color: transparent; font-size: 17.6px;\"><b>8.\u00a0<\/b><\/span><strong style=\"background-color: transparent; font-size: 17.6px;\">Trasferimento e trasmissione dei dati<\/strong><\/p><p>In linea di principio, i dati personali vengono utilizzati solo all\u2019interno del nostro Istituto.<\/p><p>Nel caso di un eventuale coinvolgimento di terzi nell\u2019esecuzione dei contratti (ad es. fornitori di servizi, provider IT), questi dati personali saranno trasmessi solo nella misura necessaria per il funzionamento del servizio corrispondente.<\/p><p>In caso di esternalizzazione di alcune parti del trattamento dei dati (\u201celaborazione contrattuale\u201d), vincoliamo contrattualmente le persone incaricate al trattamento di questi dati personali a utilizzare i dati personali solo in conformit\u00e0 alle disposizioni dell\u2019RGPD e della Legge federale sulla protezione dei dati in modo da garantire la tutela dei diritti dell\u2019interessato.<\/p><p>Un trasferimento di dati a luoghi o persone al di fuori dell\u2019UE o della Svizzera non ha luogo e non \u00e8 comunque previsto. L\u2019unica eccezione \u00e8 descritta nella sezione 6.<\/p><p>\u00a0<\/p><p>\u00a0<\/p><p><span style=\"background-color: transparent; font-size: 17.6px;\"><b>9.\u00a0<\/b><\/span><strong style=\"background-color: transparent; font-size: 17.6px;\">Diritti dell\u2019utente<\/strong><\/p><p>Quando vengono elaborati dati personali, l\u2019utente diventa una persona interessata ai sensi dell\u2019RGPD e della LDP. Oltre ai diritti previsti dalla LPD, ai sensi dell\u2019RGDP l\u2019interessato ha diritto anche ai seguenti diritti nei confronti della persona responsabile:<\/p><p><strong>9.1. <\/strong><strong>Diritto all\u2019informazione<\/strong><\/p><p>Ai sensi dell\u2019art. 15 RGPD, l\u2019interessato ha il diritto di richiedere informazioni sui suoi dati personali da noi trattati. In particolare, pu\u00f2 richiedere informazioni sulle finalit\u00e0 del trattamento, la categoria di dati personali, i destinatari ai quali i dati sono stati o saranno comunicati, il periodo di conservazione previsto, l\u2019esistenza di un diritto di rettifica, cancellazione, limitazione del trattamento o di opposizione al trattamento, l\u2019esistenza di un diritto di reclamo, l\u2019origine dei dati, nel caso in cui non siano stati raccolti da noi, cos\u00ec come l\u2019esistenza di un processo decisionale automatizzato, compresa la profilazione e, se del caso, informazioni significative sui suoi dati.<\/p><p><strong>9.2.<\/strong> <strong>Diritto di rettifica<\/strong><\/p><p>Ai sensi dell\u2019art. 16 RGPD, l\u2019interessato ha il diritto di richiedere l\u2019immediata correzione o l\u2019integrazione dei suoi dati personali da noi memorizzati.<\/p><p><strong>9.3. <\/strong><strong>Diritto alla cancellazione<\/strong><\/p><p>Ai sensi dell\u2019art. 17 RGPD l\u2019interessato ha il diritto di richiedere la cancellazione dei suoi dati personali da noi memorizzati, a meno che il trattamento non sia necessario per l\u2019esercizio del diritto alla libert\u00e0 di espressione e di informazione, per l\u2019adempimento di un obbligo di legge, per motivi di interesse pubblico o per accertare, esercitare o difendere un diritto in sede giudiziaria.<\/p><p><strong>9.4. <\/strong><strong>Diritto di limitazione del trattamento<\/strong><\/p><p>Ai sensi dell\u2019articolo 18 del RGPD, l\u2019interessato ha il diritto di richiedere la limitazione del trattamento dei dati personali nella misura in cui contesta l\u2019esattezza dei dati; il trattamento \u00e8 illecito ma ne rifiuta la cancellazione; non abbiamo pi\u00f9 bisogno dei dati ma all\u2019interessato occorrono per l\u2019accertamento, l\u2019esercizio o la difesa di un diritto in sede giudiziaria; oppure si \u00e8 opposto al trattamento ai sensi dell\u2019articolo 21 del RGPD.<\/p><p><strong>9.5. <\/strong><strong>Diritto alla trasferibilit\u00e0 dei dati<\/strong><\/p><p>Ai sensi dell\u2019art. 20 RGPD l\u2019interessato ha il diritto di ricevere i dati personali che ci ha fornito in forma strutturata, comprensibile e leggibile a macchina o di chiederne la trasmissione ad un altro responsabile.<\/p><p><strong>9.6. <\/strong><strong>Diritto di opposizione<\/strong><\/p><p>Ai sensi dell\u2019art. 21 RGPD, l\u2019interessato ha il diritto di opporsi in qualsiasi momento, per motivi connessi alla sua situazione particolare, al trattamento dei dati personali che lo riguardano ai sensi dell\u2019art. 6 cpv. 1 lett. e o f RGPD.<\/p><p><strong>9.7. <\/strong><strong>Diritto di revocare la dichiarazione di consenso<\/strong><\/p><p>Ai sensi dell\u2019art. 7 RGPD l\u2019interessato ha il diritto di revocare in qualsiasi momento il proprio consenso all\u2019utilizzo dei dati personali. La revoca del consenso non pregiudica la liceit\u00e0 del trattamento basata sul consenso prima della revoca.<\/p><p>\u00a0<\/p><p><strong>9.8. <\/strong><strong>Diritto di proporre reclamo all\u2019autorit\u00e0 di controllo<\/strong><\/p><p>Ai sensi dell\u2019art. 77 RGPD, l\u2019interessato ha il diritto di proporre reclamo a un\u2019autorit\u00e0 di controllo , segnatamente nello Stato membro in cui risiede abitualmente, lavora oppure del luogo in cui si \u00e8 verificata la presunta violazione se ritiene che il trattamento dei suoi dati personali violi l\u2019RGPD.<\/p><p>\u00a0<\/p><p><strong>9.9. <\/strong><strong>Sicurezza dei dati<\/strong><\/p><p>Adottiamo le misure di sicurezza tecniche e organizzative adeguate ai sensi dell\u2019art. 32 RGPD per proteggere i dati personali degli utenti da accessi non autorizzati e abusi. Le nostre misure di sicurezza vengono costantemente migliorate in linea con gli sviluppi tecnologici.<\/p><p>\u00a0<\/p><p>\u00a0<\/p><p><span style=\"background-color: transparent; font-size: 17.6px;\"><b>10.\u00a0<\/b><\/span><strong style=\"background-color: transparent; font-size: 17.6px;\">Modifiche<\/strong><\/p><p>Al fine di garantire che la nostra Informativa sulla privacy sia sempre conforme alle disposizioni di legge vigenti, ci riserviamo il diritto di apportare modifiche in qualsiasi momento.<\/p><p>\u00a0<\/p><\/div>\n\t\t\t\t<\/div>\n\t\t\t\t<\/div>\n\t\t\t\t<div class=\"elementor-element elementor-element-13093ba elementor-widget elementor-widget-spacer\" data-id=\"13093ba\" data-element_type=\"widget\" data-widget_type=\"spacer.default\">\n\t\t\t\t<div class=\"elementor-widget-container\">\n\t\t\t\t\t<div class=\"elementor-spacer\">\n\t\t\t<div class=\"elementor-spacer-inner\"><\/div>\n\t\t<\/div>\n\t\t\t\t<\/div>\n\t\t\t\t<\/div>\n\t\t\t\t\t\t<\/div>\n\t\t\t\t\t<\/div>\n\t\t<\/div>\n\t\t\t\t\t\t\t\t<\/div>\n\t\t\t\t\t<\/div>\n\t\t<\/section>\n\t\t\t\t\t\t<\/div>\n\t\t\t\t\t\t<\/div>\n\t\t\t\t\t<\/div>\n\t\t","protected":false},"excerpt":{"rendered":"<p>Normativa Privacy L\u2019Informativa sulla privacy ha lo scopo di informare l\u2019utente di questo sito web sulla natura, lo scopo e l\u2019utilizzo dei dati personali in conformit\u00e0 con il Regolamento generale sulla protezione dei dati (RGPD) dell\u2019Unione europea e la Legge federale sulla protezione dei dati (LPD) svizzera. \u00a0 1.\u00a0Titolare del trattamento dei dati personali Ai [&hellip;]<\/p>\n","protected":false},"author":7,"featured_media":0,"parent":0,"menu_order":0,"comment_status":"closed","ping_status":"closed","template":"","meta":[],"yoast_head":"<!-- This site is optimized with the Yoast SEO plugin v15.7 - https:\/\/yoast.com\/wordpress\/plugins\/seo\/ -->\n<title>Normativa Privacy - IRB USI<\/title>\n<meta name=\"robots\" content=\"index, follow, max-snippet:-1, max-image-preview:large, max-video-preview:-1\" \/>\n<link rel=\"canonical\" href=\"https:\/\/irb.usi.ch\/it\/normativa-privacy\/\" \/>\n<meta property=\"og:locale\" content=\"it_IT\" \/>\n<meta property=\"og:type\" content=\"article\" \/>\n<meta property=\"og:title\" content=\"Normativa Privacy - IRB USI\" \/>\n<meta property=\"og:description\" content=\"Normativa Privacy L\u2019Informativa sulla privacy ha lo scopo di informare l\u2019utente di questo sito web sulla natura, lo scopo e l\u2019utilizzo dei dati personali in conformit\u00e0 con il Regolamento generale sulla protezione dei dati (RGPD) dell\u2019Unione europea e la Legge federale sulla protezione dei dati (LPD) svizzera. \u00a0 1.\u00a0Titolare del trattamento dei dati personali Ai [&hellip;]\" \/>\n<meta property=\"og:url\" content=\"https:\/\/irb.usi.ch\/it\/normativa-privacy\/\" \/>\n<meta property=\"og:site_name\" content=\"IRB USI\" \/>\n<meta property=\"article:modified_time\" content=\"2023-11-27T12:39:13+00:00\" \/>\n<meta name=\"twitter:card\" content=\"summary_large_image\" \/>\n<meta name=\"twitter:label1\" content=\"Tempo di lettura stimato\">\n\t<meta name=\"twitter:data1\" content=\"8 minuti\">\n<script type=\"application\/ld+json\" class=\"yoast-schema-graph\">{\"@context\":\"https:\/\/schema.org\",\"@graph\":[{\"@type\":\"WebSite\",\"@id\":\"https:\/\/irb.usi.ch\/it\/#website\",\"url\":\"https:\/\/irb.usi.ch\/it\/\",\"name\":\"IRB USI\",\"description\":\"Institute for Research in Biomedicine\",\"potentialAction\":[{\"@type\":\"SearchAction\",\"target\":\"https:\/\/irb.usi.ch\/it\/?s={search_term_string}\",\"query-input\":\"required name=search_term_string\"}],\"inLanguage\":\"it-IT\"},{\"@type\":\"WebPage\",\"@id\":\"https:\/\/irb.usi.ch\/it\/normativa-privacy\/#webpage\",\"url\":\"https:\/\/irb.usi.ch\/it\/normativa-privacy\/\",\"name\":\"Normativa Privacy - IRB USI\",\"isPartOf\":{\"@id\":\"https:\/\/irb.usi.ch\/it\/#website\"},\"datePublished\":\"2023-08-29T13:02:17+00:00\",\"dateModified\":\"2023-11-27T12:39:13+00:00\",\"breadcrumb\":{\"@id\":\"https:\/\/irb.usi.ch\/it\/normativa-privacy\/#breadcrumb\"},\"inLanguage\":\"it-IT\",\"potentialAction\":[{\"@type\":\"ReadAction\",\"target\":[\"https:\/\/irb.usi.ch\/it\/normativa-privacy\/\"]}]},{\"@type\":\"BreadcrumbList\",\"@id\":\"https:\/\/irb.usi.ch\/it\/normativa-privacy\/#breadcrumb\",\"itemListElement\":[{\"@type\":\"ListItem\",\"position\":1,\"item\":{\"@type\":\"WebPage\",\"@id\":\"https:\/\/irb.usi.ch\/it\/\",\"url\":\"https:\/\/irb.usi.ch\/it\/\",\"name\":\"Home\"}},{\"@type\":\"ListItem\",\"position\":2,\"item\":{\"@type\":\"WebPage\",\"@id\":\"https:\/\/irb.usi.ch\/it\/normativa-privacy\/\",\"url\":\"https:\/\/irb.usi.ch\/it\/normativa-privacy\/\",\"name\":\"Normativa Privacy\"}}]}]}<\/script>\n<!-- \/ Yoast SEO plugin. -->","_links":{"self":[{"href":"https:\/\/irb.usi.ch\/it\/wp-json\/wp\/v2\/pages\/33314"}],"collection":[{"href":"https:\/\/irb.usi.ch\/it\/wp-json\/wp\/v2\/pages"}],"about":[{"href":"https:\/\/irb.usi.ch\/it\/wp-json\/wp\/v2\/types\/page"}],"author":[{"embeddable":true,"href":"https:\/\/irb.usi.ch\/it\/wp-json\/wp\/v2\/users\/7"}],"replies":[{"embeddable":true,"href":"https:\/\/irb.usi.ch\/it\/wp-json\/wp\/v2\/comments?post=33314"}],"version-history":[{"count":30,"href":"https:\/\/irb.usi.ch\/it\/wp-json\/wp\/v2\/pages\/33314\/revisions"}],"predecessor-version":[{"id":34616,"href":"https:\/\/irb.usi.ch\/it\/wp-json\/wp\/v2\/pages\/33314\/revisions\/34616"}],"wp:attachment":[{"href":"https:\/\/irb.usi.ch\/it\/wp-json\/wp\/v2\/media?parent=33314"}],"curies":[{"name":"wp","href":"https:\/\/api.w.org\/{rel}","templated":true}]}}