{"id":22456,"date":"2019-07-12T23:59:58","date_gmt":"2019-07-12T21:59:58","guid":{"rendered":"https:\/\/irb.usi.ch\/?page_id=22456"},"modified":"2026-02-12T16:32:38","modified_gmt":"2026-02-12T14:32:38","slug":"offerte-di-lavoro","status":"publish","type":"page","link":"https:\/\/irb.usi.ch\/it\/offerte-di-lavoro\/","title":{"rendered":"Offerte di lavoro"},"content":{"rendered":"\t\t<div data-elementor-type=\"wp-post\" data-elementor-id=\"22456\" class=\"elementor elementor-22456 elementor-970\" data-elementor-settings=\"[]\">\n\t\t\t\t\t\t<div class=\"elementor-inner\">\n\t\t\t\t\t\t\t<div class=\"elementor-section-wrap\">\n\t\t\t\t\t\t\t<section class=\"has_ae_slider elementor-section elementor-top-section elementor-element elementor-element-dd7228a elementor-section-boxed elementor-section-height-default elementor-section-height-default ae-bg-gallery-type-default\" data-id=\"dd7228a\" data-element_type=\"section\">\n\t\t\t\t\t\t<div class=\"elementor-container elementor-column-gap-default\">\n\t\t\t\t\t\t\t<div class=\"elementor-row\">\n\t\t\t\t\t<div class=\"has_ae_slider elementor-column elementor-col-100 elementor-top-column elementor-element elementor-element-58b74c1 ae-bg-gallery-type-default\" data-id=\"58b74c1\" data-element_type=\"column\" data-settings=\"{&quot;background_background&quot;:&quot;classic&quot;}\">\n\t\t\t<div class=\"elementor-column-wrap elementor-element-populated\">\n\t\t\t\t\t\t\t<div class=\"elementor-widget-wrap\">\n\t\t\t\t\t\t<div class=\"elementor-element elementor-element-adc3865 elementor-widget-divider--view-line elementor-widget elementor-widget-divider\" data-id=\"adc3865\" data-element_type=\"widget\" data-widget_type=\"divider.default\">\n\t\t\t\t<div class=\"elementor-widget-container\">\n\t\t\t\t\t<div class=\"elementor-divider\">\n\t\t\t<span class=\"elementor-divider-separator\">\n\t\t\t\t\t\t<\/span>\n\t\t<\/div>\n\t\t\t\t<\/div>\n\t\t\t\t<\/div>\n\t\t\t\t<div class=\"elementor-element elementor-element-3a80f99 elementor-widget elementor-widget-heading\" data-id=\"3a80f99\" data-element_type=\"widget\" data-widget_type=\"heading.default\">\n\t\t\t\t<div class=\"elementor-widget-container\">\n\t\t\t<p class=\"elementor-heading-title elementor-size-default\">Offerte di lavoro<\/p>\t\t<\/div>\n\t\t\t\t<\/div>\n\t\t\t\t<div class=\"elementor-element elementor-element-a11e742 elementor-widget-divider--view-line elementor-widget elementor-widget-divider\" data-id=\"a11e742\" data-element_type=\"widget\" data-widget_type=\"divider.default\">\n\t\t\t\t<div class=\"elementor-widget-container\">\n\t\t\t\t\t<div class=\"elementor-divider\">\n\t\t\t<span class=\"elementor-divider-separator\">\n\t\t\t\t\t\t<\/span>\n\t\t<\/div>\n\t\t\t\t<\/div>\n\t\t\t\t<\/div>\n\t\t\t\t<div class=\"elementor-element elementor-element-a128811 elementor-widget elementor-widget-image\" data-id=\"a128811\" data-element_type=\"widget\" data-widget_type=\"image.default\">\n\t\t\t\t<div class=\"elementor-widget-container\">\n\t\t\t\t\t<div class=\"elementor-image\">\n\t\t\t\t\t\t\t\t\t\t<img width=\"2000\" height=\"660\" src=\"https:\/\/irb.usi.ch\/images\/students-studying-in-university-library-e1562969313830.jpg\" class=\"attachment-full size-full\" alt=\"\" loading=\"lazy\" srcset=\"https:\/\/irb.usi.ch\/images\/students-studying-in-university-library-e1562969313830.jpg 2000w, https:\/\/irb.usi.ch\/images\/students-studying-in-university-library-e1562969313830-300x99.jpg 300w, https:\/\/irb.usi.ch\/images\/students-studying-in-university-library-e1562969313830-768x253.jpg 768w, https:\/\/irb.usi.ch\/images\/students-studying-in-university-library-e1562969313830-1024x338.jpg 1024w, https:\/\/irb.usi.ch\/images\/students-studying-in-university-library-e1562969313830-750x248.jpg 750w, https:\/\/irb.usi.ch\/images\/students-studying-in-university-library-e1562969313830-1140x376.jpg 1140w\" sizes=\"(max-width: 2000px) 100vw, 2000px\" \/>\t\t\t\t\t\t\t\t\t\t\t<\/div>\n\t\t\t\t<\/div>\n\t\t\t\t<\/div>\n\t\t\t\t\t\t<\/div>\n\t\t\t\t\t<\/div>\n\t\t<\/div>\n\t\t\t\t\t\t\t\t<\/div>\n\t\t\t\t\t<\/div>\n\t\t<\/section>\n\t\t\t\t<section class=\"has_ae_slider elementor-section elementor-top-section elementor-element elementor-element-f0b63ab elementor-section-boxed elementor-section-height-default elementor-section-height-default ae-bg-gallery-type-default\" data-id=\"f0b63ab\" data-element_type=\"section\">\n\t\t\t\t\t\t<div class=\"elementor-container elementor-column-gap-default\">\n\t\t\t\t\t\t\t<div class=\"elementor-row\">\n\t\t\t\t\t<div class=\"has_ae_slider elementor-column elementor-col-100 elementor-top-column elementor-element elementor-element-5d1ed5f ae-bg-gallery-type-default\" data-id=\"5d1ed5f\" data-element_type=\"column\" data-settings=\"{&quot;background_background&quot;:&quot;classic&quot;}\">\n\t\t\t<div class=\"elementor-column-wrap elementor-element-populated\">\n\t\t\t\t\t\t\t<div class=\"elementor-widget-wrap\">\n\t\t\t\t\t\t<div class=\"elementor-element elementor-element-3aaef3b elementor-widget-divider--view-line elementor-widget elementor-widget-divider\" data-id=\"3aaef3b\" data-element_type=\"widget\" data-widget_type=\"divider.default\">\n\t\t\t\t<div class=\"elementor-widget-container\">\n\t\t\t\t\t<div class=\"elementor-divider\">\n\t\t\t<span class=\"elementor-divider-separator\">\n\t\t\t\t\t\t<\/span>\n\t\t<\/div>\n\t\t\t\t<\/div>\n\t\t\t\t<\/div>\n\t\t\t\t\t\t<\/div>\n\t\t\t\t\t<\/div>\n\t\t<\/div>\n\t\t\t\t\t\t\t\t<\/div>\n\t\t\t\t\t<\/div>\n\t\t<\/section>\n\t\t\t\t<section class=\"has_ae_slider elementor-section elementor-top-section elementor-element elementor-element-7d0452d5 elementor-section-boxed elementor-section-height-default elementor-section-height-default ae-bg-gallery-type-default\" data-id=\"7d0452d5\" data-element_type=\"section\">\n\t\t\t\t\t\t<div class=\"elementor-container elementor-column-gap-default\">\n\t\t\t\t\t\t\t<div class=\"elementor-row\">\n\t\t\t\t\t<div class=\"has_ae_slider elementor-column elementor-col-100 elementor-top-column elementor-element elementor-element-b26ea67 ae-bg-gallery-type-default\" data-id=\"b26ea67\" data-element_type=\"column\" data-settings=\"{&quot;background_background&quot;:&quot;classic&quot;}\">\n\t\t\t<div class=\"elementor-column-wrap elementor-element-populated\">\n\t\t\t\t\t\t\t<div class=\"elementor-widget-wrap\">\n\t\t\t\t\t\t<div class=\"elementor-element elementor-element-4d8faa8 elementor-widget elementor-widget-text-editor\" data-id=\"4d8faa8\" data-element_type=\"widget\" data-widget_type=\"text-editor.default\">\n\t\t\t\t<div class=\"elementor-widget-container\">\n\t\t\t\t\t<div class=\"elementor-text-editor elementor-clearfix\"><p><strong>Prima di applicare ad una offerta di lavoro presso l\u2019IRB, si consiglia di leggere:<\/strong><\/p><p>Having an outstanding CV is a very good start but is not sufficient to be short listed for an interview, and is definitely not enough per se to get the position your are applying for. Your motivation and career plan are crucial and will be of high impact on the success of your application.\u00a0<\/p><p>In your motivation letter, which has to be written in English, you need to clearly demonstrate why you want to join the IRB and this group of research in particular. Your application should also contain the e-mail addresses of at least two referees.<\/p><p>If you intend to join the IRB, you should wonder not only what the Institute will bring to you but also what You will bring to the Institute. We ask you not only to be self-critical but also to be scientifically critical with your future team. The Institute is looking for good Scientists not for tasks executors.<\/p><p>Working efficiently is more expected than working hard, even if one does not exclude the other and vice versa.<\/p><p>If finally you have the chance to be short listed for an interview, please prepare it. Look all over our website to know the environment surrounding the research group you are applying to, read their last publications, current projects and research networks; study the core facilities available at the Institute. Even if in the job advertisement you have only a few sentences describing your future project, start to think about it, how you would approach it.<\/p><p>In short, applying at the IRB should not be one of the X applications you are writing and sending. Instead, it should be thoroughly prepared.<\/p><p>Per le applicazioni al <strong>Programma di Dottorato<\/strong> non ci sono particolari scadenze: contattare direttamente il Direttore del laboratorio a cui si \u00e8 interessati mandando il CV e spiegando chiaramente le motivazioni per svolgere un dottorato e il perch\u00e9 della scelta di una linea di ricerca, tutto in inglese.<\/p><p><strong>Servizio civile<\/strong><\/p><p>La posizione di assistente di ricerca presso uno dei gruppi dell\u2019Istituto di Ricerca in Biomedicina (IRB) permette al civilista di poter assistere attivamente dottorandi e post-dottorati in svariati progetti di ricerca. I compiti svolti dal civilista e il grado di autonomia dipendono soprattutto dal suo titolo di studio e dall\u2019esperienza raccolta sinora. Questi possono riguardare semplici procedure di base standard come mantentimento di culture cellulari, PCR o preparazione di reagenti oppure l\u2019utilizzo di macchinari e tecniche pi\u00f9 complesse come citometria di flusso.<\/p><p><strong>Rispetto<\/strong><\/p><p>L&#8217;IRB mira a creare un ambiente vivace, collaborativo e inclusivo, dove le persone si dedicano in modo sicuro e libero alle discussioni scientifiche e alle scoperte. Per raggiungere questo obiettivo, le interazioni tra tutti i membri della comunit\u00e0 dell&#8217;IRB dovrebbero essere sempre basate sul rispetto reciproco. L&#8217;IRB non tollerer\u00e0 alcun comportamento inappropriato che offenda l&#8217;integrit\u00e0 personale, la dignit\u00e0 personale e che ostacoli le pari opportunit\u00e0. Molestie, bullismo, discriminazioni, atteggiamenti minacciosi e violenza sono tutti comportamenti inaccettabili a tutti i livelli di occupazione e chi commette tali atti ne affronter\u00e0 le conseguenze, indipendentemente dallo status o dalla posizione. Anche le ritorsioni contro le persone che agiscono in buona fede non saranno tollerate.<\/p><p>Se si dovesse subire un qualsiasi comportamento inappropriato, si prega di segnalarlo. Per ulteriori informazioni, consultate il vostro supervisore o le Risorse Umane. L&#8217;IRB \u00e8 a vostra disposizione e vi sosterr\u00e0.<\/p><p><strong>Piano per la parit\u00e0 di genere<\/strong><\/p><p>L&#8217;Istituto di Ricerca in Biomedicina mira a stabilire una cultura del rispetto, a promuovere la diversit\u00e0 e a migliorare le pari opportunit\u00e0.<\/p><p><span style=\"text-decoration: underline;\"><a href=\"https:\/\/irb.usi.ch\/images\/Gender_Equality_plan_IRB_IT_web-1.pdf\">Piano per la parit\u00e0 di genere dell&#8217;IRB<\/a><\/span><\/p><\/div>\n\t\t\t\t<\/div>\n\t\t\t\t<\/div>\n\t\t\t\t\t\t<\/div>\n\t\t\t\t\t<\/div>\n\t\t<\/div>\n\t\t\t\t\t\t\t\t<\/div>\n\t\t\t\t\t<\/div>\n\t\t<\/section>\n\t\t\t\t<section class=\"has_ae_slider elementor-section elementor-top-section elementor-element elementor-element-ca929a0 elementor-section-boxed elementor-section-height-default elementor-section-height-default ae-bg-gallery-type-default\" data-id=\"ca929a0\" data-element_type=\"section\">\n\t\t\t\t\t\t<div class=\"elementor-container elementor-column-gap-default\">\n\t\t\t\t\t\t\t<div class=\"elementor-row\">\n\t\t\t\t\t<div class=\"has_ae_slider elementor-column elementor-col-100 elementor-top-column elementor-element elementor-element-181f4d19 ae-bg-gallery-type-default\" data-id=\"181f4d19\" data-element_type=\"column\">\n\t\t\t<div class=\"elementor-column-wrap elementor-element-populated\">\n\t\t\t\t\t\t\t<div class=\"elementor-widget-wrap\">\n\t\t\t\t\t\t<div class=\"elementor-element elementor-element-153447f1 elementor-widget elementor-widget-heading\" data-id=\"153447f1\" data-element_type=\"widget\" data-widget_type=\"heading.default\">\n\t\t\t\t<div class=\"elementor-widget-container\">\n\t\t\t<p class=\"elementor-heading-title elementor-size-default\">Posizioni aperte<\/p>\t\t<\/div>\n\t\t\t\t<\/div>\n\t\t\t\t\t\t<\/div>\n\t\t\t\t\t<\/div>\n\t\t<\/div>\n\t\t\t\t\t\t\t\t<\/div>\n\t\t\t\t\t<\/div>\n\t\t<\/section>\n\t\t\t\t<section class=\"has_ae_slider elementor-section elementor-top-section elementor-element elementor-element-2cb9f2f elementor-section-boxed elementor-section-height-default elementor-section-height-default ae-bg-gallery-type-default\" data-id=\"2cb9f2f\" data-element_type=\"section\">\n\t\t\t\t\t\t<div class=\"elementor-container elementor-column-gap-default\">\n\t\t\t\t\t\t\t<div class=\"elementor-row\">\n\t\t\t\t\t<div class=\"has_ae_slider elementor-column elementor-col-100 elementor-top-column elementor-element elementor-element-61af1b7e ae-bg-gallery-type-default\" data-id=\"61af1b7e\" data-element_type=\"column\">\n\t\t\t<div class=\"elementor-column-wrap elementor-element-populated\">\n\t\t\t\t\t\t\t<div class=\"elementor-widget-wrap\">\n\t\t\t\t\t\t<div class=\"elementor-element elementor-element-050029f elementor-hidden-desktop elementor-hidden-tablet elementor-hidden-phone elementor-widget elementor-widget-text-editor\" data-id=\"050029f\" data-element_type=\"widget\" data-widget_type=\"text-editor.default\">\n\t\t\t\t<div class=\"elementor-widget-container\">\n\t\t\t\t\t<div class=\"elementor-text-editor elementor-clearfix\"><p><strong>There are currently no job vacancies. Please check the website at a later date for any future vacancies.<\/strong><\/p><\/div>\n\t\t\t\t<\/div>\n\t\t\t\t<\/div>\n\t\t\t\t<div class=\"elementor-element elementor-element-9a02a41 elementor-widget elementor-widget-accordion\" data-id=\"9a02a41\" data-element_type=\"widget\" data-widget_type=\"accordion.default\">\n\t\t\t\t<div class=\"elementor-widget-container\">\n\t\t\t\t\t<div class=\"elementor-accordion\" role=\"tablist\">\n\t\t\t\t\t\t\t<div class=\"elementor-accordion-item\">\n\t\t\t\t\t<div id=\"elementor-tab-title-1611\" class=\"elementor-tab-title\" data-tab=\"1\" role=\"tab\" aria-controls=\"elementor-tab-content-1611\">\n\t\t\t\t\t\t\t\t\t\t\t\t\t<span class=\"elementor-accordion-icon elementor-accordion-icon-right\" aria-hidden=\"true\">\n\t\t\t\t\t\t\t\t\t\t\t\t\t\t\t<span class=\"elementor-accordion-icon-closed\"><i class=\"fas fa-chevron-down\"><\/i><\/span>\n\t\t\t\t\t\t\t\t<span class=\"elementor-accordion-icon-opened\"><i class=\"fas fa-chevron-up\"><\/i><\/span>\n\t\t\t\t\t\t\t\t\t\t\t\t\t\t<\/span>\n\t\t\t\t\t\t\t\t\t\t\t\t<a class=\"elementor-accordion-title\" href=\"\">PhD Position on PTEN Stabilization in Cancer (Dr. Andrea Cavalli)<\/a>\n\t\t\t\t\t<\/div>\n\t\t\t\t\t<div id=\"elementor-tab-content-1611\" class=\"elementor-tab-content elementor-clearfix\" data-tab=\"1\" role=\"tabpanel\" aria-labelledby=\"elementor-tab-title-1611\"><p class=\"p1\">We are offering a fully funded 3-year PhD position in the Computational<\/p><p class=\"p1\">Structural Biology laboratory of Andrea Cavalli at the Institute for Research in<\/p><p class=\"p1\">Biomedicine (IRB), Bellinzona.<\/p><p class=\"p1\">The PhD project aims to develop and validate novel experimental strategies to<\/p><p class=\"p1\">stabilize and reactivate the tumor suppressor PTEN in cancer. The work will<\/p><p class=\"p1\">combine biophysical, biochemical, and cellular approaches, complemented by<\/p><p class=\"p1\">structural insights, to investigate innovative mechanisms of targeted protein<\/p><p class=\"p1\">stabilization with therapeutic relevance.<\/p><p class=\"p1\">A central goal of the project is to link molecular mechanisms to functional<\/p><p class=\"p1\">outcomes and therapeutic potential through validation in relevant cellular and<\/p><p class=\"p1\">preclinical cancer models.<\/p><p class=\"p1\"><b>The PhD student will:<\/b><\/p><p class=\"p1\"><span class=\"s1\">\u2022<\/span> Perform functional validation of lead compounds in cellular systems<\/p><p class=\"p1\">and contribute to <i>in vivo<\/i> testing in relevant cancer models, gaining<\/p><p class=\"p1\">insight into efficacy, mechanism of action, and translational potential<\/p><p class=\"p1\"><span class=\"s1\">\u2022<\/span> Gain hands-on experience with advanced experimental techniques at<\/p><p class=\"p1\">the interface of structural biology, chemical biology, and cancer<\/p><p class=\"p1\">research<\/p><p class=\"p1\"><span class=\"s1\">\u2022<\/span> Work in close interaction with interdisciplinary collaborators, including<\/p><p class=\"p1\">experts in medicinal chemistry and translational oncology<\/p><p class=\"p1\"><span class=\"s1\">\u2022<\/span> Be fully integrated into a highly interdisciplinary and international<\/p><p class=\"p1\">research environment, with strong links to translational and preclinical<\/p><p class=\"p1\">cancer research<\/p><p class=\"p1\"><b>Profile:<\/b><\/p><p class=\"p1\"><span class=\"s1\">\u2022<\/span> MSc. in biology, biochemistry, biophysics, structural biology, or related<\/p><p class=\"p1\">fields<\/p><p class=\"p1\"><span class=\"s1\">\u2022<\/span> Strong motivation for experimental research<\/p><p class=\"p1\"><span class=\"s1\">\u2022<\/span> Interest in cancer biology and drug discovery<b>We offer:<\/b><\/p><p class=\"p1\"><span class=\"s1\">\u2022<\/span> A stimulating international research environment with journal clubs,<\/p><p class=\"p1\">seminars given by world-renown scientists, and scientific events<\/p><p class=\"p1\"><span class=\"s1\">\u2022<\/span> Outstanding training, mentoring, and regular scientific exchange<\/p><p class=\"p1\"><span class=\"s1\">\u2022<\/span> PhD students are enrolled in the PhD program of the Universit\u00e0 della<\/p><p class=\"p1\">Svizzera italiana, Lugano.<\/p><p class=\"p1\"><span class=\"s1\">\u2022<\/span> Access to state-of-the-art infrastructure<\/p><p class=\"p1\"><span class=\"s1\">\u2022<\/span> Competitive PhD salary according to Swiss standards<\/p><p class=\"p1\"><b>Environment:<\/b><\/p><p class=\"p1\">Bellinzona is located in the Italian-speaking region of southern Switzerland<\/p><p class=\"p1\">and offers a high quality of life, abundant outdoor activities, and excellent<\/p><p class=\"p1\">connections to Zurich and Milan.<\/p><p class=\"p1\"><b>Starting date:<\/b> upon agreement<\/p><p class=\"p1\"><b>Duration:<\/b> 3 years<\/p><p class=\"p1\">To apply, please send a CV, a short motivation letter, names and email<\/p><p class=\"p1\">addresses of two referees to andrea.cavalli@irb.usi.ch<\/p><h2>Attachment<\/h2><p><a href=\"https:\/\/irb.usi.ch\/images\/PhD_Student_Position_IRB_Cavalli_2026.pdf\">PhD Position on PTEN Stabilization in Cancer (Dr. Andrea Cavalli)<\/a><\/p><\/div>\n\t\t\t\t<\/div>\n\t\t\t\t\t\t\t<div class=\"elementor-accordion-item\">\n\t\t\t\t\t<div id=\"elementor-tab-title-1612\" class=\"elementor-tab-title\" data-tab=\"2\" role=\"tab\" aria-controls=\"elementor-tab-content-1612\">\n\t\t\t\t\t\t\t\t\t\t\t\t\t<span class=\"elementor-accordion-icon elementor-accordion-icon-right\" aria-hidden=\"true\">\n\t\t\t\t\t\t\t\t\t\t\t\t\t\t\t<span class=\"elementor-accordion-icon-closed\"><i class=\"fas fa-chevron-down\"><\/i><\/span>\n\t\t\t\t\t\t\t\t<span class=\"elementor-accordion-icon-opened\"><i class=\"fas fa-chevron-up\"><\/i><\/span>\n\t\t\t\t\t\t\t\t\t\t\t\t\t\t<\/span>\n\t\t\t\t\t\t\t\t\t\t\t\t<a class=\"elementor-accordion-title\" href=\"\">The IRB is looking for postdoctoral talent (Ambizione)<\/a>\n\t\t\t\t\t<\/div>\n\t\t\t\t\t<div id=\"elementor-tab-content-1612\" class=\"elementor-tab-content elementor-clearfix\" data-tab=\"2\" role=\"tabpanel\" aria-labelledby=\"elementor-tab-title-1612\"><section class=\"project\"><p>We invite postdoctoral fellows to express their interest in working at the IRB through support by the Swiss National Science Foundation competitive funding-scheme<\/p><p style=\"text-align: center;\"><strong>Ambizione<\/strong><\/p><p>Applicants from anywhere in the world can apply to obtain a four-years grant to conduct, manage and lead an independent project at a Swiss institution (<span style=\"text-decoration: underline;\"><a href=\"https:\/\/www.snf.ch\/en\/N18L3oGWomTSSGkF\/funding\/careers\/ambizione\">more info<\/a><\/span>).<\/p><p><strong>General eligibility criteria<\/strong><\/p><ul><li>Candidates must have earned a PhD between 1 and 4 years earlier at the time of the SNSF submission deadline (04.11.2025);<\/li><li>Candidates must already have demonstrated an outstanding track-record of achievements for their level of seniority;<\/li><li>Candidates must be capable of carrying out the proposed research project independently.<\/li><\/ul><p><strong>IRB Application<\/strong><\/p><p>Eligible candidates are invited to apply by sending to our Grant Office Team (<span style=\"text-decoration: underline;\"><a href=\"mailto:grantoffice@irb.usi.ch\">grantoffice@irb.usi.ch<\/a><\/span>):<\/p><ul><li>A CV, major achievements and research output list (structured as indicated on <a href=\"https:\/\/portal.snf.ch\/core\/landing-page\" target=\"_blank\" rel=\"noopener\"><span style=\"text-decoration: underline;\">SNF Portal<\/span><\/a>);<\/li><li>a 2-page description of their research and career plans, stating in which <a href=\"https:\/\/irb.usi.ch\/research\/\">IRB lab(s)<\/a> they would like to be hosted and which expertise they would bring to the hosting lab.<\/li><\/ul><p>The applications will be pre-screened and the candidates with positive evaluation will be contacted by the relevant Group Leader for the next steps.<\/p><p>Deadline for the IRB application: <strong>August 3, 2025<\/strong><\/p><section class=\"project\"><h2>Attachment<\/h2><ul><li><a href=\"https:\/\/irb.usi.ch\/images\/Postdoctoral_Talent_IRB_Ambizione2025_update.pdf\" target=\"_blank\" rel=\"noopener\">Postdoctoral talent<\/a><\/li><\/ul><\/section><\/section><\/div>\n\t\t\t\t<\/div>\n\t\t\t\t\t<\/div>\n\t\t\t\t<\/div>\n\t\t\t\t<\/div>\n\t\t\t\t<div class=\"elementor-element elementor-element-a3bc638 elementor-widget elementor-widget-html\" data-id=\"a3bc638\" data-element_type=\"widget\" data-widget_type=\"html.default\">\n\t\t\t\t<div class=\"elementor-widget-container\">\n\t\t\t<script>\n  jQuery(function($) {\n      $(function() {\n\n          $('.elementor-tab-title').each(function() {\n              $(this).removeClass('elementor-active').next('.elementor-tab-content').hide();\n          });\n\n      });\n  });\n<\/script>\t\t<\/div>\n\t\t\t\t<\/div>\n\t\t\t\t\t\t<\/div>\n\t\t\t\t\t<\/div>\n\t\t<\/div>\n\t\t\t\t\t\t\t\t<\/div>\n\t\t\t\t\t<\/div>\n\t\t<\/section>\n\t\t\t\t\t\t<\/div>\n\t\t\t\t\t\t<\/div>\n\t\t\t\t\t<\/div>\n\t\t","protected":false},"excerpt":{"rendered":"<p>Offerte di lavoro Prima di applicare ad una offerta di lavoro presso l\u2019IRB, si consiglia di leggere: Having an outstanding CV is a very good start but is not sufficient to be short listed for an interview, and is definitely not enough per se to get the position your are applying for. Your motivation and [&hellip;]<\/p>\n","protected":false},"author":1,"featured_media":0,"parent":0,"menu_order":0,"comment_status":"closed","ping_status":"closed","template":"elementor_header_footer","meta":[],"yoast_head":"<!-- This site is optimized with the Yoast SEO plugin v15.7 - https:\/\/yoast.com\/wordpress\/plugins\/seo\/ -->\n<title>Offerte di lavoro - IRB USI<\/title>\n<meta name=\"robots\" content=\"index, follow, max-snippet:-1, max-image-preview:large, max-video-preview:-1\" \/>\n<link rel=\"canonical\" href=\"https:\/\/irb.usi.ch\/it\/offerte-di-lavoro\/\" \/>\n<meta property=\"og:locale\" content=\"it_IT\" \/>\n<meta property=\"og:type\" content=\"article\" \/>\n<meta property=\"og:title\" content=\"Offerte di lavoro - IRB USI\" \/>\n<meta property=\"og:description\" content=\"Offerte di lavoro Prima di applicare ad una offerta di lavoro presso l\u2019IRB, si consiglia di leggere: Having an outstanding CV is a very good start but is not sufficient to be short listed for an interview, and is definitely not enough per se to get the position your are applying for. Your motivation and [&hellip;]\" \/>\n<meta property=\"og:url\" content=\"https:\/\/irb.usi.ch\/it\/offerte-di-lavoro\/\" \/>\n<meta property=\"og:site_name\" content=\"IRB USI\" \/>\n<meta property=\"article:modified_time\" content=\"2026-02-12T14:32:38+00:00\" \/>\n<meta property=\"og:image\" content=\"https:\/\/irb.usi.ch\/images\/students-studying-in-university-library-e1562969313830.jpg\" \/>\n<meta name=\"twitter:card\" content=\"summary_large_image\" \/>\n<meta name=\"twitter:label1\" content=\"Tempo di lettura stimato\">\n\t<meta name=\"twitter:data1\" content=\"6 minuti\">\n<script type=\"application\/ld+json\" class=\"yoast-schema-graph\">{\"@context\":\"https:\/\/schema.org\",\"@graph\":[{\"@type\":\"WebSite\",\"@id\":\"https:\/\/irb.usi.ch\/it\/#website\",\"url\":\"https:\/\/irb.usi.ch\/it\/\",\"name\":\"IRB USI\",\"description\":\"Institute for Research in Biomedicine\",\"potentialAction\":[{\"@type\":\"SearchAction\",\"target\":\"https:\/\/irb.usi.ch\/it\/?s={search_term_string}\",\"query-input\":\"required name=search_term_string\"}],\"inLanguage\":\"it-IT\"},{\"@type\":\"ImageObject\",\"@id\":\"https:\/\/irb.usi.ch\/it\/offerte-di-lavoro\/#primaryimage\",\"inLanguage\":\"it-IT\",\"url\":\"https:\/\/irb.usi.ch\/images\/students-studying-in-university-library-e1562969313830.jpg\",\"width\":2000,\"height\":660,\"caption\":\"University friends socializing and studying together for exam in library. Group of students sitting at table in library and using laptop.\"},{\"@type\":\"WebPage\",\"@id\":\"https:\/\/irb.usi.ch\/it\/offerte-di-lavoro\/#webpage\",\"url\":\"https:\/\/irb.usi.ch\/it\/offerte-di-lavoro\/\",\"name\":\"Offerte di lavoro - IRB USI\",\"isPartOf\":{\"@id\":\"https:\/\/irb.usi.ch\/it\/#website\"},\"primaryImageOfPage\":{\"@id\":\"https:\/\/irb.usi.ch\/it\/offerte-di-lavoro\/#primaryimage\"},\"datePublished\":\"2019-07-12T21:59:58+00:00\",\"dateModified\":\"2026-02-12T14:32:38+00:00\",\"breadcrumb\":{\"@id\":\"https:\/\/irb.usi.ch\/it\/offerte-di-lavoro\/#breadcrumb\"},\"inLanguage\":\"it-IT\",\"potentialAction\":[{\"@type\":\"ReadAction\",\"target\":[\"https:\/\/irb.usi.ch\/it\/offerte-di-lavoro\/\"]}]},{\"@type\":\"BreadcrumbList\",\"@id\":\"https:\/\/irb.usi.ch\/it\/offerte-di-lavoro\/#breadcrumb\",\"itemListElement\":[{\"@type\":\"ListItem\",\"position\":1,\"item\":{\"@type\":\"WebPage\",\"@id\":\"https:\/\/irb.usi.ch\/it\/\",\"url\":\"https:\/\/irb.usi.ch\/it\/\",\"name\":\"Home\"}},{\"@type\":\"ListItem\",\"position\":2,\"item\":{\"@type\":\"WebPage\",\"@id\":\"https:\/\/irb.usi.ch\/it\/offerte-di-lavoro\/\",\"url\":\"https:\/\/irb.usi.ch\/it\/offerte-di-lavoro\/\",\"name\":\"Offerte di lavoro\"}}]}]}<\/script>\n<!-- \/ Yoast SEO plugin. -->","_links":{"self":[{"href":"https:\/\/irb.usi.ch\/it\/wp-json\/wp\/v2\/pages\/22456"}],"collection":[{"href":"https:\/\/irb.usi.ch\/it\/wp-json\/wp\/v2\/pages"}],"about":[{"href":"https:\/\/irb.usi.ch\/it\/wp-json\/wp\/v2\/types\/page"}],"author":[{"embeddable":true,"href":"https:\/\/irb.usi.ch\/it\/wp-json\/wp\/v2\/users\/1"}],"replies":[{"embeddable":true,"href":"https:\/\/irb.usi.ch\/it\/wp-json\/wp\/v2\/comments?post=22456"}],"version-history":[{"count":267,"href":"https:\/\/irb.usi.ch\/it\/wp-json\/wp\/v2\/pages\/22456\/revisions"}],"predecessor-version":[{"id":41202,"href":"https:\/\/irb.usi.ch\/it\/wp-json\/wp\/v2\/pages\/22456\/revisions\/41202"}],"wp:attachment":[{"href":"https:\/\/irb.usi.ch\/it\/wp-json\/wp\/v2\/media?parent=22456"}],"curies":[{"name":"wp","href":"https:\/\/api.w.org\/{rel}","templated":true}]}}